{"id":189,"date":"2019-05-22T19:15:27","date_gmt":"2019-05-22T19:15:27","guid":{"rendered":"https:\/\/cms.dvg-lsa.de\/?page_id=189"},"modified":"2021-09-17T09:34:53","modified_gmt":"2021-09-17T09:34:53","slug":"frauenleitung","status":"publish","type":"page","link":"https:\/\/www.dvg-lsa.de\/?page_id=189","title":{"rendered":"Frauenleitung"},"content":{"rendered":"\n<blockquote class=\"wp-block-quote is-layout-flow wp-block-quote-is-layout-flow\"><p><strong>Weil Gewerkschaft auch weiblich ist\u2026.reden wir Frauen in der DVG Sachsen-Anhalt mit!<\/strong><\/p><\/blockquote>\n\n\n\n<p>Oftmals sind es wir Frauen, die mindestens genauso viel Zeit f\u00fcr Familie oder Haushalt einsetzen wie f\u00fcr die Arbeit.<\/p>\n\n\n\n<p>Immer noch, schon wieder.<\/p>\n\n\n\n<p>\u00c4ndern? \u00c4ndern wollen wir dies nur bedingt.<\/p>\n\n\n\n<p>Aber die Vorteile, die aus diesem Nachteil entstehen wollen wir uns zu Nutze machen.\t\t\t<\/p>\n\n\n\n<p>Wir Frauen wollen gute Arbeit leisten, gutes Geld verdienen und \nFreude an der Arbeit haben. Und wir wissen selbst am besten, wer und was\n uns dabei hindert, was uns dabei n\u00fctzt. Wir k\u00f6nnen verbessern was l\u00e4uft\n und positiv ver\u00e4ndern was nicht l\u00e4uft. Deshalb m\u00fcssen wir alle unser \nWissen mitbringen und uns engagieren.<\/p>\n\n\n\n<p>Um uns Frauen dabei zu unterst\u00fctzen ist eine besondere  Interessenvertretung f\u00fcr die weiblichen Mitglieder auch noch im  Zeitalter von Gleichberechtigung und Gender Mainstreaming unverzichtbar! Diese Aufgabe \u00fcbernimmt die Landesfrauenleitung der DVG Sachsen-Anhalt.<br> <br>Die Vorsitzende der Landesfrauenleitung der DVG Sachsen-Anhalt geh\u00f6rt als stimmberechtigtes Mitglied dem Landeshauptvorstand der DVG Sachsen-Anhalt an.<\/p>\n\n\n\n<p><\/p>\n\n\n\n<p> Die Landesfrauenleitung setzt sich wie folgt zusammen:<\/p>\n\n\n\t<!-- wpshopmart team builder wrapper -->\r\n\t<div class=\"wpsm_team_1_b_row\" id=\"wpsm_team_1_b_row_191\">\r\n\t\t<div class=\"wpsm_row\">  \r\n\t\t\t<style>\r\n\t\t\t#wpsm_team_1_b_row_191 .wpsm_team_1_member_wrapper_inner h3{\r\n\t\t\t\tcolor:#000000 !important;\r\n\t\t\t\tfont-size:18px !important;\r\n\t\t\t\t\t\t\t\t  font-family:'Open Sans';\r\n\t\t\t\t\t\t\t\t\r\n\t\t\t}\r\n\t\t\t#wpsm_team_1_b_row_191 .wpsm_team_1_name_divider{\r\n\t\t\t\tbackground-color:#000000 !important;\r\n\t\t\t}\r\n\t\t\t#wpsm_team_1_b_row_191 .wpsm_team_1_b_desig{\r\n\t\t\t\tcolor:#000000 !important;\r\n\t\t\t\tfont-size:14px !important;\r\n\t\t\t\t\t\t\t\t   font-family:'Open Sans';\r\n\t\t\t\t\t\t\t}\r\n\t\t\t#wpsm_team_1_b_row_191 .wpsm_team_1_b_desc{\r\n\t\t\t\tcolor:#000000 !important;\r\n\t\t\t\tfont-size:14px !important;\r\n\t\t\t\t\t\t\t\t   font-family:'Open Sans';\r\n\t\t\t\t\t\t\t}\r\n\t\t\t#wpsm_team_1_b_row_191  p{\r\n\t\t\t\tcolor:#000000 !important;\r\n\t\t\t\tfont-size:14px !important;\r\n\t\t\t    \t\t\t\t   font-family:'Open Sans';\r\n\t\t\t\t\t\t\t\t\r\n\t\t\t}\r\n\t\t\t\r\n\t\t\t#wpsm_team_1_b_row_191 .wpsm_team_1_social_div a i{\r\n\t\t\t\tcolor:#4f4f4f !important;\r\n\t\t\t\tbackground:#e5e5e5 !important;\r\n\t\t\t}\r\n\t\t\t\t\t\t\r\n\t\t\t<\/style>\r\n\t\t\t\t\t\t \r\n\t\t\t\t\t<div class=\"wpsm_col-md-6 wpsm_col-sm-6 wpsm-col-div wpsm_single_team\">\r\n\t\t\t\t\t\t<div class=\"wpsm_team_1_member_wrapper\">\r\n\t\t\t\t\t\t\t<img decoding=\"async\" class=\"img-responsive wpsm_team_1_mem_img\" src=\"https:\/\/www.dvg-lsa.de\/wp-content\/uploads\/2019\/05\/Doelle-Landesfrauenleitung_web_2025-01-12-1.jpg\" alt=\"Annette D\u00f6lle\">\r\n\t\t\t\t\t\t\t<div class=\"wpsm_team_1_member_wrapper_inner\">\r\n\t\t\t\t\t\t\t\t<h3>\r\n\t\t\t\t\t\t\t\t\tAnnette D\u00f6lle\t\t\t\t\t\t\t\t\t<div class=\"wpsm_team_1_name_divider\"><\/div>\r\n\t\t\t\t\t\t\t\t<\/h3>\r\n\t\t\t\t\t\t\t\t<span class=\"wpsm_team_1_b_desig\"> Landesfrauenleiterin <\/span> \t\t\t\t\t\t\t\t<p class=\"wpsm_team_1_b_desc\"> Dienststelle: Ministerium f\u00fcr Wirtschaft, Tourismus, Landwirtschaft und Forsten des Landes Sachsen-Anhalt<\/a><br \/> <\/p>\r\n\r\nBezirk Magdeburg<\/a><br \/> <\/p>\r\n\r\nDeutsche Verwaltungs-Gewerkschaft Sachsen-Anhalt<br \/>\r\nH\u00e4ndelstr. 38, 06114 Halle (Saale)<br \/>\r\n<p style='text-align: left;'>\r\n<i class='wp-svg-envelop envelop'><\/i> <a href='mailto:annette.doelle@dvg-lsa.de '>annette.doelle@dvg-lsa.de<\/a><br \/>\r\n\r\n<\/p> <\/p> \t\t\t\t\t\t\t\t<div class=\"wpsm_team_1_social_div\">\r\n\t\t\t\t\t\t\t\t\t\t\t\t\t\t\t\t\t\t\t\t\t\t\t\t\t\t\t\t\t\t\t\t\t\t\t\t\t\t\t\t\t\t\t\t<\/div>\r\n\t\t\t\t\t\t\t<\/div>\r\n\t\t\t\t\t\t<\/div>\r\n\t\t\t\t\t<\/div>\r\n\t\t\t\t\t\t\t\t\t\t\t\t\t \r\n\t\t\t\t\t<div class=\"wpsm_col-md-6 wpsm_col-sm-6 wpsm-col-div wpsm_single_team\">\r\n\t\t\t\t\t\t<div class=\"wpsm_team_1_member_wrapper\">\r\n\t\t\t\t\t\t\t<img decoding=\"async\" class=\"img-responsive wpsm_team_1_mem_img\" src=\"https:\/\/www.dvg-lsa.de\/wp-content\/uploads\/2019\/05\/User_Platzhalter_DVG_LSA-300x300_web_2025-01-12.jpg\" alt=\"Dorit J\u00f6dicke\">\r\n\t\t\t\t\t\t\t<div class=\"wpsm_team_1_member_wrapper_inner\">\r\n\t\t\t\t\t\t\t\t<h3>\r\n\t\t\t\t\t\t\t\t\tDorit J\u00f6dicke\t\t\t\t\t\t\t\t\t<div class=\"wpsm_team_1_name_divider\"><\/div>\r\n\t\t\t\t\t\t\t\t<\/h3>\r\n\t\t\t\t\t\t\t\t<span class=\"wpsm_team_1_b_desig\"> Stellv. Landesfrauenleiterin <\/span> \t\t\t\t\t\t\t\t<p class=\"wpsm_team_1_b_desc\"> Dienststelle: Landesverwaltungsamt Sachsen-Anhalt<\/a><br \/> <\/p>\r\n\r\nBezirk Magdeburg<\/a><br \/> <\/p>\r\n\r\nDeutsche Verwaltungs-Gewerkschaft Sachsen-Anhalt<br \/>\r\nH\u00e4ndelstr. 38, 06114 Halle (Saale)<br \/>\r\n<p style='text-align: left;'>\r\n<i class='wp-svg-envelop envelop'><\/i> <a href='mailto:dorit.joedicke@dvg-lsa.de'>dorit.joedicke@dvg-lsa.de<\/a><br \/>\r\n\r\n<\/p> <\/p> \t\t\t\t\t\t\t\t<div class=\"wpsm_team_1_social_div\">\r\n\t\t\t\t\t\t\t\t\t\t\t\t\t\t\t\t\t\t\t\t\t\t\t\t\t\t\t\t\t\t\t\t\t\t\t\t\t\t\t\t\t\t\t\t<\/div>\r\n\t\t\t\t\t\t\t<\/div>\r\n\t\t\t\t\t\t<\/div>\r\n\t\t\t\t\t<\/div>\r\n\t\t\t\t\t\t\t\t\t\t\t<\/div>\r\n\t\t\t\t\t\t<div class=\"wpsm_row\">\r\n\t\t\t\t\t\t\t\t\t\t\t\t\t\t \r\n\t\t\t\t\t<div class=\"wpsm_col-md-6 wpsm_col-sm-6 wpsm-col-div wpsm_single_team\">\r\n\t\t\t\t\t\t<div class=\"wpsm_team_1_member_wrapper\">\r\n\t\t\t\t\t\t\t<img decoding=\"async\" class=\"img-responsive wpsm_team_1_mem_img\" src=\"https:\/\/www.dvg-lsa.de\/wp-content\/uploads\/2019\/05\/User_Platzhalter_DVG_LSA-300x300_web_2025-01-12.jpg\" alt=\"Daniela Flamann\">\r\n\t\t\t\t\t\t\t<div class=\"wpsm_team_1_member_wrapper_inner\">\r\n\t\t\t\t\t\t\t\t<h3>\r\n\t\t\t\t\t\t\t\t\tDaniela Flamann\t\t\t\t\t\t\t\t\t<div class=\"wpsm_team_1_name_divider\"><\/div>\r\n\t\t\t\t\t\t\t\t<\/h3>\r\n\t\t\t\t\t\t\t\t<span class=\"wpsm_team_1_b_desig\"> Stellv. Landesfrauenleiterin <\/span> \t\t\t\t\t\t\t\t<p class=\"wpsm_team_1_b_desc\"> Dienststelle: Landesverwaltungsamt Sachsen-Anhalt<\/a><br \/> <\/p>\r\n\r\nBezirk Halle<\/a><br \/> <\/p>\r\n\r\nDeutsche Verwaltungs-Gewerkschaft Sachsen-Anhalt<br \/>\r\nH\u00e4ndelstr. 38, 06114 Halle (Saale)<br \/>\r\n<p style='text-align: left;'>\r\n<i class='wp-svg-envelop envelop'><\/i> <a href='mailto:daniela.flamann@dvg-lsa.de '>daniela.flamann@dvg-lsa.de<\/a><br \/>\r\n\r\n<\/p> <\/p> \t\t\t\t\t\t\t\t<div class=\"wpsm_team_1_social_div\">\r\n\t\t\t\t\t\t\t\t\t\t\t\t\t\t\t\t\t\t\t\t\t\t\t\t\t\t\t\t\t\t\t\t\t\t\t\t\t\t\t\t\t\t\t\t<\/div>\r\n\t\t\t\t\t\t\t<\/div>\r\n\t\t\t\t\t\t<\/div>\r\n\t\t\t\t\t<\/div>\r\n\t\t\t\t\t\t\t\t\t\t\t\t\r\n\t\t<\/div>\r\n\t<\/div>\n\n\n\n<p><strong>Ihre Meinung ist uns wichtig<\/strong><br>     <br>Weiterbildung und Kommunikation werden gro\u00df geschrieben. Ihr pers\u00f6nliches Interesse ist bei der DVG Frauenvertretung stets gerne gesehen. Fragen werden schnell und kompetent beantwortet. Ihre Fragen k\u00f6nnen Sie jederzeit an die zentrale E-Mailadresse der Landesfrauenleitung <a href=\"mailto:frauen@dvg-lsa.de\">frauen@dvg-lsa.de<\/a> senden. <\/p>\n\n\n\n<figure class=\"wp-block-image size-full is-resized\"><img loading=\"lazy\" decoding=\"async\" src=\"https:\/\/www.dvg-lsa.de\/wp-content\/uploads\/2021\/09\/logo_dbb_frauen-2.png\" alt=\"\" class=\"wp-image-839\" width=\"236\" height=\"118\"\/><figcaption><strong>Informationen sind auch bei den dbb frauen unter https:\/\/www.dbb-frauen.de verf\u00fcgbar.<\/strong><\/figcaption><\/figure>\n","protected":false},"excerpt":{"rendered":"<p>Weil Gewerkschaft auch weiblich ist\u2026.reden wir Frauen in der DVG Sachsen-Anhalt mit! Oftmals sind es wir Frauen, die mindestens genauso viel Zeit f\u00fcr Familie oder Haushalt einsetzen wie f\u00fcr die Arbeit. Immer noch, schon wieder. \u00c4ndern? \u00c4ndern wollen wir dies nur bedingt. Aber die Vorteile, die aus diesem Nachteil entstehen wollen wir uns zu Nutze &#8230; <a title=\"Frauenleitung\" class=\"read-more\" href=\"https:\/\/www.dvg-lsa.de\/?p=191\" aria-label=\"Mehr Informationen \u00fcber Frauenleitung\">Weiterlesen<\/a><\/p>\n","protected":false},"author":1,"featured_media":0,"parent":94,"menu_order":0,"comment_status":"closed","ping_status":"closed","template":"","meta":{"footnotes":""},"class_list":["post-189","page","type-page","status-publish","hentry"],"_links":{"self":[{"href":"https:\/\/www.dvg-lsa.de\/index.php?rest_route=\/wp\/v2\/pages\/189","targetHints":{"allow":["GET"]}}],"collection":[{"href":"https:\/\/www.dvg-lsa.de\/index.php?rest_route=\/wp\/v2\/pages"}],"about":[{"href":"https:\/\/www.dvg-lsa.de\/index.php?rest_route=\/wp\/v2\/types\/page"}],"author":[{"embeddable":true,"href":"https:\/\/www.dvg-lsa.de\/index.php?rest_route=\/wp\/v2\/users\/1"}],"replies":[{"embeddable":true,"href":"https:\/\/www.dvg-lsa.de\/index.php?rest_route=%2Fwp%2Fv2%2Fcomments&post=189"}],"version-history":[{"count":7,"href":"https:\/\/www.dvg-lsa.de\/index.php?rest_route=\/wp\/v2\/pages\/189\/revisions"}],"predecessor-version":[{"id":840,"href":"https:\/\/www.dvg-lsa.de\/index.php?rest_route=\/wp\/v2\/pages\/189\/revisions\/840"}],"up":[{"embeddable":true,"href":"https:\/\/www.dvg-lsa.de\/index.php?rest_route=\/wp\/v2\/pages\/94"}],"wp:attachment":[{"href":"https:\/\/www.dvg-lsa.de\/index.php?rest_route=%2Fwp%2Fv2%2Fmedia&parent=189"}],"curies":[{"name":"wp","href":"https:\/\/api.w.org\/{rel}","templated":true}]}}