{"id":196,"date":"2019-05-22T19:35:53","date_gmt":"2019-05-22T19:35:53","guid":{"rendered":"https:\/\/cms.dvg-lsa.de\/?page_id=196"},"modified":"2025-08-03T19:10:40","modified_gmt":"2025-08-03T19:10:40","slug":"seniorenvertretung","status":"publish","type":"page","link":"https:\/\/www.dvg-lsa.de\/?page_id=196","title":{"rendered":"Seniorenvertretung"},"content":{"rendered":"\n<p>Senioren sind die Mitglieder der DVG LSA, die das 60. Lebensjahr vollendet haben. Die besonderen Interessen dieser Mitglieder vertritt die Seniorenkommission, deren Mitglieder Senioren sein m\u00fcssen. <\/p>\n\n\n\n<p>Die Seniorenkommission wird auf Vorschlag der Bezirke oder des Landesvorstands f\u00fcr eine Sitzungsperiode von sechs Jahren vom Hauptvorstand gew\u00e4hlt.<\/p>\n\n\n\n<p>Die Wahl erfolgte am 29. Juli 2025 in Magdeburg.<\/p>\n\n\n\n<p>Ihr Ansprechpartner ist unser Vorsitzender der Seniorenvertretung Kollege Karl-Heinz Bock. Erreichbar ist Kollege Bock per E-Mail unter karl-heinz.bock@dvg-lsa.de. <\/p>\n\n\n\n<p><\/p>\n\n\n\t<!-- wpshopmart team builder wrapper -->\r\n\t<div class=\"wpsm_team_1_b_row\" id=\"wpsm_team_1_b_row_197\">\r\n\t\t<div class=\"wpsm_row\">  \r\n\t\t\t<style>\r\n\t\t\t#wpsm_team_1_b_row_197 .wpsm_team_1_member_wrapper_inner h3{\r\n\t\t\t\tcolor:#000000 !important;\r\n\t\t\t\tfont-size:18px !important;\r\n\t\t\t\t\t\t\t\t  font-family:'Open Sans';\r\n\t\t\t\t\t\t\t\t\r\n\t\t\t}\r\n\t\t\t#wpsm_team_1_b_row_197 .wpsm_team_1_name_divider{\r\n\t\t\t\tbackground-color:#000000 !important;\r\n\t\t\t}\r\n\t\t\t#wpsm_team_1_b_row_197 .wpsm_team_1_b_desig{\r\n\t\t\t\tcolor:#000000 !important;\r\n\t\t\t\tfont-size:14px !important;\r\n\t\t\t\t\t\t\t\t   font-family:'Open Sans';\r\n\t\t\t\t\t\t\t}\r\n\t\t\t#wpsm_team_1_b_row_197 .wpsm_team_1_b_desc{\r\n\t\t\t\tcolor:#000000 !important;\r\n\t\t\t\tfont-size:14px !important;\r\n\t\t\t\t\t\t\t\t   font-family:'Open Sans';\r\n\t\t\t\t\t\t\t}\r\n\t\t\t#wpsm_team_1_b_row_197  p{\r\n\t\t\t\tcolor:#000000 !important;\r\n\t\t\t\tfont-size:14px !important;\r\n\t\t\t    \t\t\t\t   font-family:'Open Sans';\r\n\t\t\t\t\t\t\t\t\r\n\t\t\t}\r\n\t\t\t\r\n\t\t\t#wpsm_team_1_b_row_197 .wpsm_team_1_social_div a i{\r\n\t\t\t\tcolor:#4f4f4f !important;\r\n\t\t\t\tbackground:#e5e5e5 !important;\r\n\t\t\t}\r\n\t\t\t\t\t\t\r\n\t\t\t<\/style>\r\n\t\t\t\t\t\t \r\n\t\t\t\t\t<div class=\"wpsm_col-md-6 wpsm_col-sm-6 wpsm-col-div wpsm_single_team\">\r\n\t\t\t\t\t\t<div class=\"wpsm_team_1_member_wrapper\">\r\n\t\t\t\t\t\t\t<img decoding=\"async\" class=\"img-responsive wpsm_team_1_mem_img\" src=\"https:\/\/www.dvg-lsa.de\/wp-content\/uploads\/2019\/11\/Bock-Bezirk-Dessau_web_2025-03-04.jpg\" alt=\"Karl-Heinz Bock\">\r\n\t\t\t\t\t\t\t<div class=\"wpsm_team_1_member_wrapper_inner\">\r\n\t\t\t\t\t\t\t\t<h3>\r\n\t\t\t\t\t\t\t\t\tKarl-Heinz Bock\t\t\t\t\t\t\t\t\t<div class=\"wpsm_team_1_name_divider\"><\/div>\r\n\t\t\t\t\t\t\t\t<\/h3>\r\n\t\t\t\t\t\t\t\t<span class=\"wpsm_team_1_b_desig\"> Vorsitzender des Vorstandes der Landesseniorenvertretung <\/span> \t\t\t\t\t\t\t\t<p class=\"wpsm_team_1_b_desc\"> Bezirk Dessau <\/a><br \/> <\/p>\r\n\r\nDeutsche Verwaltungs-Gewerkschaft Sachsen-Anhalt<br \/>\r\nH\u00e4ndelstr. 38, 06114 Halle (Saale)<br \/>\r\n<p style='text-align: left;'>\r\n<i class='wp-svg-envelop envelop'><\/i> <a href='mailto:karl-heinz.bock @dvg-lsa.de '>karl-heinz.bock@dvg-lsa.de<\/a><br \/>\r\n\r\n<\/p> <\/p> \t\t\t\t\t\t\t\t<div class=\"wpsm_team_1_social_div\">\r\n\t\t\t\t\t\t\t\t\t\t\t\t\t\t\t\t\t\t\t\t\t\t\t\t\t\t\t\t\t\t\t\t\t\t\t\t\t\t\t\t\t\t\t\t<\/div>\r\n\t\t\t\t\t\t\t<\/div>\r\n\t\t\t\t\t\t<\/div>\r\n\t\t\t\t\t<\/div>\r\n\t\t\t\t\t\t\t\t\t\t\t\t\t \r\n\t\t\t\t\t<div class=\"wpsm_col-md-6 wpsm_col-sm-6 wpsm-col-div wpsm_single_team\">\r\n\t\t\t\t\t\t<div class=\"wpsm_team_1_member_wrapper\">\r\n\t\t\t\t\t\t\t<img decoding=\"async\" class=\"img-responsive wpsm_team_1_mem_img\" src=\"https:\/\/www.dvg-lsa.de\/wp-content\/uploads\/2019\/11\/Goedde-Bezirk-Dessau_web_-2025-05-02.jpg\" alt=\"Dirk G\u00f6dde\">\r\n\t\t\t\t\t\t\t<div class=\"wpsm_team_1_member_wrapper_inner\">\r\n\t\t\t\t\t\t\t\t<h3>\r\n\t\t\t\t\t\t\t\t\tDirk G\u00f6dde\t\t\t\t\t\t\t\t\t<div class=\"wpsm_team_1_name_divider\"><\/div>\r\n\t\t\t\t\t\t\t\t<\/h3>\r\n\t\t\t\t\t\t\t\t<span class=\"wpsm_team_1_b_desig\"> stellv., Vorsitzender des Vorstandes der Landesseniorenvertretung <\/span> \t\t\t\t\t\t\t\t<p class=\"wpsm_team_1_b_desc\"> Bezirk Dessau<\/a><br \/> <\/p>\r\n\r\nDeutsche Verwaltungs-Gewerkschaft Sachsen-Anhalt<br \/>\r\nH\u00e4ndelstr. 38, 06114 Halle (Saale)<br \/>\r\n<p style='text-align: left;'>\r\n<i class='wp-svg-envelop envelop'><\/i> <a href='mailto:dirk.goedde@dvg-lsa.de '>dirk.goedde@dvg-lsa.de<\/a><br \/>\r\n\r\n<\/p> <\/p> \t\t\t\t\t\t\t\t<div class=\"wpsm_team_1_social_div\">\r\n\t\t\t\t\t\t\t\t\t\t\t\t\t\t\t\t\t\t\t\t\t\t\t\t\t\t\t\t\t\t\t\t\t\t\t\t\t\t\t\t\t\t\t\t<\/div>\r\n\t\t\t\t\t\t\t<\/div>\r\n\t\t\t\t\t\t<\/div>\r\n\t\t\t\t\t<\/div>\r\n\t\t\t\t\t\t\t\t\t\t\t<\/div>\r\n\t\t\t\t\t\t<div class=\"wpsm_row\">\r\n\t\t\t\t\t\t\t\t\t\t\t\t\t\t \r\n\t\t\t\t\t<div class=\"wpsm_col-md-6 wpsm_col-sm-6 wpsm-col-div wpsm_single_team\">\r\n\t\t\t\t\t\t<div class=\"wpsm_team_1_member_wrapper\">\r\n\t\t\t\t\t\t\t<img decoding=\"async\" class=\"img-responsive wpsm_team_1_mem_img\" src=\"https:\/\/www.dvg-lsa.de\/wp-content\/uploads\/2019\/05\/Dick-Landesseniorenvertretung_web_2025-05-01-1.jpg\" alt=\"Katrin Dick\">\r\n\t\t\t\t\t\t\t<div class=\"wpsm_team_1_member_wrapper_inner\">\r\n\t\t\t\t\t\t\t\t<h3>\r\n\t\t\t\t\t\t\t\t\tKatrin Dick\t\t\t\t\t\t\t\t\t<div class=\"wpsm_team_1_name_divider\"><\/div>\r\n\t\t\t\t\t\t\t\t<\/h3>\r\n\t\t\t\t\t\t\t\t<span class=\"wpsm_team_1_b_desig\"> Beisitzerin im Vorstand der Landesseniorenvertretung <\/span> \t\t\t\t\t\t\t\t<p class=\"wpsm_team_1_b_desc\"> Bezirk Halle<\/a><br \/> <\/p>\r\n\r\nDeutsche Verwaltungs-Gewerkschaft Sachsen-Anhalt<br \/>\r\nH\u00e4ndelstr. 38, 06114 Halle (Saale)<br \/>\r\n<p style='text-align: left;'>\r\n<i class='wp-svg-envelop envelop'><\/i> <a href='mailto:katrin.dick@dvg-lsa.de '>katrin.dick@dvg-lsa.de<\/a><br \/>\r\n\r\n<\/p> <\/p> \t\t\t\t\t\t\t\t<div class=\"wpsm_team_1_social_div\">\r\n\t\t\t\t\t\t\t\t\t\t\t\t\t\t\t\t\t\t\t\t\t\t\t\t\t\t\t\t\t\t\t\t\t\t\t\t\t\t\t\t\t\t\t\t<\/div>\r\n\t\t\t\t\t\t\t<\/div>\r\n\t\t\t\t\t\t<\/div>\r\n\t\t\t\t\t<\/div>\r\n\t\t\t\t\t\t\t\t\t\t\t\t\t \r\n\t\t\t\t\t<div class=\"wpsm_col-md-6 wpsm_col-sm-6 wpsm-col-div wpsm_single_team\">\r\n\t\t\t\t\t\t<div class=\"wpsm_team_1_member_wrapper\">\r\n\t\t\t\t\t\t\t<img decoding=\"async\" class=\"img-responsive wpsm_team_1_mem_img\" src=\"https:\/\/www.dvg-lsa.de\/wp-content\/uploads\/2019\/05\/User_Platzhalter_DVG_LSA-300x300_web_2025-01-12.jpg\" alt=\"Gerd Jansen Gerdes\">\r\n\t\t\t\t\t\t\t<div class=\"wpsm_team_1_member_wrapper_inner\">\r\n\t\t\t\t\t\t\t\t<h3>\r\n\t\t\t\t\t\t\t\t\tGerd Jansen Gerdes\t\t\t\t\t\t\t\t\t<div class=\"wpsm_team_1_name_divider\"><\/div>\r\n\t\t\t\t\t\t\t\t<\/h3>\r\n\t\t\t\t\t\t\t\t<span class=\"wpsm_team_1_b_desig\"> Ansprechperson Bezirk Magdeburg <\/span> \t\t\t\t\t\t\t\t<p class=\"wpsm_team_1_b_desc\"> Bezirk Magdeburg <\/a><br \/> <\/p>\r\n\r\nDeutsche Verwaltungs-Gewerkschaft Sachsen-Anhalt<br \/>\r\nH\u00e4ndelstr. 38, 06114 Halle (Saale)<br \/>\r\n<p style='text-align: left;'>\r\n <\/p> \t\t\t\t\t\t\t\t<div class=\"wpsm_team_1_social_div\">\r\n\t\t\t\t\t\t\t\t\t\t\t\t\t\t\t\t\t\t\t\t\t\t\t\t\t\t\t\t\t\t\t\t\t\t\t\t\t\t\t\t\t\t\t\t<\/div>\r\n\t\t\t\t\t\t\t<\/div>\r\n\t\t\t\t\t\t<\/div>\r\n\t\t\t\t\t<\/div>\r\n\t\t\t\t\t\t\t\t\t\t\t<\/div>\r\n\t\t\t\t\t\t<div class=\"wpsm_row\">\r\n\t\t\t\t\t\t\t\t\t\t\t\t\t\t \r\n\t\t\t\t\t<div class=\"wpsm_col-md-6 wpsm_col-sm-6 wpsm-col-div wpsm_single_team\">\r\n\t\t\t\t\t\t<div class=\"wpsm_team_1_member_wrapper\">\r\n\t\t\t\t\t\t\t<img decoding=\"async\" class=\"img-responsive wpsm_team_1_mem_img\" src=\"https:\/\/www.dvg-lsa.de\/wp-content\/uploads\/2019\/05\/User_Platzhalter_DVG_LSA-300x300_web_2025-01-12.jpg\" alt=\"Veronika G\u00f6rner\">\r\n\t\t\t\t\t\t\t<div class=\"wpsm_team_1_member_wrapper_inner\">\r\n\t\t\t\t\t\t\t\t<h3>\r\n\t\t\t\t\t\t\t\t\tVeronika G\u00f6rner\t\t\t\t\t\t\t\t\t<div class=\"wpsm_team_1_name_divider\"><\/div>\r\n\t\t\t\t\t\t\t\t<\/h3>\r\n\t\t\t\t\t\t\t\t<span class=\"wpsm_team_1_b_desig\"> Ansprechperson Bezirk Halle <\/span> \t\t\t\t\t\t\t\t<p class=\"wpsm_team_1_b_desc\"> Bezirk Halle <\/a><br \/> <\/p>\r\n\r\nDeutsche Verwaltungs-Gewerkschaft Sachsen-Anhalt<br \/>\r\nH\u00e4ndelstr. 38, 06114 Halle (Saale)<br \/>\r\n<p style='text-align: left;'>\r\n <\/p> \t\t\t\t\t\t\t\t<div class=\"wpsm_team_1_social_div\">\r\n\t\t\t\t\t\t\t\t\t\t\t\t\t\t\t\t\t\t\t\t\t\t\t\t\t\t\t\t\t\t\t\t\t\t\t\t\t\t\t\t\t\t\t\t<\/div>\r\n\t\t\t\t\t\t\t<\/div>\r\n\t\t\t\t\t\t<\/div>\r\n\t\t\t\t\t<\/div>\r\n\t\t\t\t\t\t\t\t\t\t\t\t\t \r\n\t\t\t\t\t<div class=\"wpsm_col-md-6 wpsm_col-sm-6 wpsm-col-div wpsm_single_team\">\r\n\t\t\t\t\t\t<div class=\"wpsm_team_1_member_wrapper\">\r\n\t\t\t\t\t\t\t<img decoding=\"async\" class=\"img-responsive wpsm_team_1_mem_img\" src=\"https:\/\/www.dvg-lsa.de\/wp-content\/uploads\/2019\/05\/User_Platzhalter_DVG_LSA-300x300_web_2025-01-12.jpg\" alt=\"Ute Krause\">\r\n\t\t\t\t\t\t\t<div class=\"wpsm_team_1_member_wrapper_inner\">\r\n\t\t\t\t\t\t\t\t<h3>\r\n\t\t\t\t\t\t\t\t\tUte Krause\t\t\t\t\t\t\t\t\t<div class=\"wpsm_team_1_name_divider\"><\/div>\r\n\t\t\t\t\t\t\t\t<\/h3>\r\n\t\t\t\t\t\t\t\t<span class=\"wpsm_team_1_b_desig\"> Ansprechperson Bezirk Dessau <\/span> \t\t\t\t\t\t\t\t<p class=\"wpsm_team_1_b_desc\"> Bezirk Dessau <\/a><br \/> <\/p>\r\n\r\nDeutsche Verwaltungs-Gewerkschaft Sachsen-Anhalt<br \/>\r\nH\u00e4ndelstr. 38, 06114 Halle (Saale)<br \/>\r\n<p style='text-align: left;'>\r\n <\/p> \t\t\t\t\t\t\t\t<div class=\"wpsm_team_1_social_div\">\r\n\t\t\t\t\t\t\t\t\t\t\t\t\t\t\t\t\t\t\t\t\t\t\t\t\t\t\t\t\t\t\t\t\t\t\t\t\t\t\t\t\t\t\t\t<\/div>\r\n\t\t\t\t\t\t\t<\/div>\r\n\t\t\t\t\t\t<\/div>\r\n\t\t\t\t\t<\/div>\r\n\t\t\t\t\t\t\t\t\t\t\t<\/div>\r\n\t\t\t\t\t\t<div class=\"wpsm_row\">\r\n\t\t\t\t\t\t\t\t\t\t\t\t\t\r\n\t\t<\/div>\r\n\t<\/div>\n","protected":false},"excerpt":{"rendered":"<p>Senioren sind die Mitglieder der DVG LSA, die das 60. Lebensjahr vollendet haben. Die besonderen Interessen dieser Mitglieder vertritt die Seniorenkommission, deren Mitglieder Senioren sein m\u00fcssen. Die Seniorenkommission wird auf Vorschlag der Bezirke oder des Landesvorstands f\u00fcr eine Sitzungsperiode von sechs Jahren vom Hauptvorstand gew\u00e4hlt. Die Wahl erfolgte am 29. Juli 2025 in Magdeburg. Ihr &#8230; <a title=\"Seniorenvertretung\" class=\"read-more\" href=\"https:\/\/www.dvg-lsa.de\/?p=197\" aria-label=\"Mehr Informationen \u00fcber Seniorenvertretung\">Weiterlesen<\/a><\/p>\n","protected":false},"author":1,"featured_media":0,"parent":94,"menu_order":0,"comment_status":"closed","ping_status":"closed","template":"","meta":{"footnotes":""},"class_list":["post-196","page","type-page","status-publish","hentry"],"_links":{"self":[{"href":"https:\/\/www.dvg-lsa.de\/index.php?rest_route=\/wp\/v2\/pages\/196","targetHints":{"allow":["GET"]}}],"collection":[{"href":"https:\/\/www.dvg-lsa.de\/index.php?rest_route=\/wp\/v2\/pages"}],"about":[{"href":"https:\/\/www.dvg-lsa.de\/index.php?rest_route=\/wp\/v2\/types\/page"}],"author":[{"embeddable":true,"href":"https:\/\/www.dvg-lsa.de\/index.php?rest_route=\/wp\/v2\/users\/1"}],"replies":[{"embeddable":true,"href":"https:\/\/www.dvg-lsa.de\/index.php?rest_route=%2Fwp%2Fv2%2Fcomments&post=196"}],"version-history":[{"count":13,"href":"https:\/\/www.dvg-lsa.de\/index.php?rest_route=\/wp\/v2\/pages\/196\/revisions"}],"predecessor-version":[{"id":1975,"href":"https:\/\/www.dvg-lsa.de\/index.php?rest_route=\/wp\/v2\/pages\/196\/revisions\/1975"}],"up":[{"embeddable":true,"href":"https:\/\/www.dvg-lsa.de\/index.php?rest_route=\/wp\/v2\/pages\/94"}],"wp:attachment":[{"href":"https:\/\/www.dvg-lsa.de\/index.php?rest_route=%2Fwp%2Fv2%2Fmedia&parent=196"}],"curies":[{"name":"wp","href":"https:\/\/api.w.org\/{rel}","templated":true}]}}