{"id":281,"date":"2019-05-26T15:55:07","date_gmt":"2019-05-26T15:55:07","guid":{"rendered":"https:\/\/cms.dvg-lsa.de\/?page_id=281"},"modified":"2024-08-29T14:40:46","modified_gmt":"2024-08-29T14:40:46","slug":"beitragsordnung","status":"publish","type":"page","link":"https:\/\/www.dvg-lsa.de\/?page_id=281","title":{"rendered":"Beitragsordnung"},"content":{"rendered":"\n<p><strong>Beitragsordnung der Deutschen Verwaltungs-Gewerkschaft Sachsen-Anhalt, Fachgewerkschaft f\u00fcr die Verwaltung im Land Sachsen-Anhalt e.V. (DVG LSA)<\/strong><\/p>\n\n\n\n<p><strong>vom 28. August 2024<\/strong><\/p>\n\n\n\n<p><strong><u>G\u00fcltig ab 1. September 2024<\/u><\/strong><\/p>\n\n\n\n<p>1. Das Mitglied ist gem\u00e4\u00df der Satzung zur Zahlung eines Mitgliedsbeitrages verpflichtet. Zur<\/p>\n\n\n\n<p>Vereinfachung soll eine Einzugserm\u00e4chtigung (SEPA-Lastschriftmandat) durch das Mitglied erteilt werden. Der Beitrag ist grunds\u00e4tzlich monatlich zu zahlen.<\/p>\n\n\n\n<p>2. H\u00f6he der monatlichen Mitgliedsbeitr\u00e4ge:<\/p>\n\n\n\n<p>a) F\u00fcr <strong>Tarifbesch\u00e4ftigte<\/strong> gilt:&nbsp;&nbsp;&nbsp;&nbsp;&nbsp;&nbsp;&nbsp;&nbsp;&nbsp;&nbsp;&nbsp;&nbsp;&nbsp;&nbsp;&nbsp;&nbsp;&nbsp;&nbsp;&nbsp;&nbsp;&nbsp;&nbsp;&nbsp;&nbsp;&nbsp;&nbsp;&nbsp;&nbsp;&nbsp;&nbsp;&nbsp;&nbsp;&nbsp;&nbsp;&nbsp;&nbsp;&nbsp;&nbsp;&nbsp;&nbsp;&nbsp;&nbsp;&nbsp;&nbsp;&nbsp;&nbsp;&nbsp;&nbsp;&nbsp;&nbsp;&nbsp;&nbsp;&nbsp;&nbsp;&nbsp;&nbsp;&nbsp;&nbsp;&nbsp;&nbsp;&nbsp;&nbsp;&nbsp;&nbsp;&nbsp;&nbsp;&nbsp;&nbsp;&nbsp;&nbsp;&nbsp;&nbsp;&nbsp;&nbsp;&nbsp;&nbsp;&nbsp;&nbsp;&nbsp;&nbsp;&nbsp;&nbsp;&nbsp;&nbsp;&nbsp;&nbsp;&nbsp;&nbsp;&nbsp;&nbsp;&nbsp;<\/p>\n\n\n\n<p>aa) Der Monatsbeitrag betr\u00e4gt 0,5 % des Entgeltes der Stufe 1 der Entgeltgruppe, in der das Mitglied eingruppiert ist.<\/p>\n\n\n\n<p>bb) Dabei wird f\u00fcr die Eingruppierung je nach Arbeitgeber, entweder der TV-L oder der TV\u00f6D (Kommunen) als Basis herangezogen, und zwar der letztere unabh\u00e4ngig davon, ob es sich um einen kommunalen Arbeitgeber (der VKA), dem Bund als Arbeitgeber oder um Besch\u00e4ftigte in vergleichbaren Tarifvertr\u00e4gen handelt.<\/p>\n\n\n\n<p>b) F\u00fcr <strong>Beamte<\/strong> etc.:<\/p>\n\n\n\n<p>aa) Der Monatsbeitrag betr\u00e4gt 0,5 % des Grundgehalts der Erfahrungsstufe 1 des verliehenen Statusamtes (Besoldungsordnung A).<\/p>\n\n\n\n<p>bb) dabei werden auf die Beamten als Berechnungsbasis die f\u00fcr Sachsen-Anhalt geltende Besoldungsordnung angewendet, und zwar gleichg\u00fcltig, ob es sich unmittelbare oder mittelbare Landesbeamte oder Bundesbeamte handelt.<\/p>\n\n\n\n<p>cc) Unterliegt der Beamte der Besoldungsordnung B, betr\u00e4gt der Monatsbeitrag 0,5% des Grundgehaltes.<\/p>\n\n\n\n<p>dd) Unterliegt das Mitglied einer Besoldungsordnung, die vorstehend nicht aufgez\u00e4hlt ist, werden aa), und cc) sinngem\u00e4\u00df angewendet.<\/p>\n\n\n\n<p>3. F\u00fcr Beamtenanw\u00e4rter, Referendare und Auszubildende betr\u00e4gt der Beitrag pauschal 1,00 EUR monatlich f\u00fcr die Dauer der Ausbildung.<\/p>\n\n\n\n<p>4. Mitglieder in <strong>Teilzeitbesch\u00e4ftigung<\/strong> mit einer Laufzeit von mindestens sechs Monaten, die maximal 60 % der regelm\u00e4\u00dfigen Wochenarbeitszeit arbeiten, k\u00f6nnen auf Antrag ihren Beitrag entsprechend ihres Teilzeitverh\u00e4ltnisses zur vollen Wochenarbeitszeit f\u00fcr die Dauer der Teilzeit senken lassen. Mindestens ist jedoch ein monatlicher Beitrag von 5 Euro zu entrichten. Teilzeitbesch\u00e4ftigte, die diese Voraussetzung nicht erf\u00fcllen und auch nicht unter die Nr. 5 fallen, zahlen den vollen Mitgliedsbeitrag.<\/p>\n\n\n\n<p>5. F\u00fcr Mitglieder, die sich in <strong>Altersteilzeit<\/strong> befinden, wird der Beitrag auf ihren Antrag hin entsprechend der prozentualen Absenkung ihres Nettoeinkommens abgesenkt, mithin grunds\u00e4tzlich auf 83% des nach der Nr. 2 berechneten Beitrages.<\/p>\n\n\n\n<p>6. Auf Ihren Antrag hin zahlen <strong>Versorgungsempf\u00e4nger und Rentner<\/strong> 50 v.H. des unter 2. sinngem\u00e4\u00df zu ermittelten Beitrages.<\/p>\n\n\n\n<p>7. Mitglieder, die keine Dienstbez\u00fcge\/Arbeitsentgelt erhalten, k\u00f6nnen auf Antrag von der Beitragspflicht befreit werden.<\/p>\n\n\n\n<p>8. Eine Absenkung bzw. Neufestsetzung des Beitrages aufgrund eines Antrages nach den Nummern 4 bis 7 wird fr\u00fchestens im Folgemonat nach Antragseingang in der Landesgesch\u00e4ftsstelle wirksam.<\/p>\n\n\n\n<p>9. Die Erhebung der Mitgliedsbeitr\u00e4ge erfolgt (unbar) durch Bankeinzug (Lastschriftverfahren). Lastschrifteinz\u00fcge sind nur von einem Girokonto bei einer Bank im Einheitlichen Euro-Zahlungsverkehrsraum (Single Euro Payments Area) \u2013SEPA- m\u00f6glich. Beim Wechsel des das Konto f\u00fchrenden Instituts ist das Mitglied verpflichtet, diesen Umstand der Landesgesch\u00e4ftsstelle sofort schriftlich mitzuteilen. Bei einer Nichtmeldung oder versp\u00e4teter Meldung werden die der DVG LSA entstandenen Mehrkosten des Einzugs dem Mitglied in Rechnung gestellt (s. auch Nr. 11).<\/p>\n\n\n\n<p>10. Solange ein Mitglied mit seinen Beitr\u00e4gen im R\u00fcckstand ist, ruhen dessen Rechte aus der Mitgliedschaft (v. a. hei\u00dft das: Nichtgew\u00e4hrung von Rechtsschutz, Verlust des Versicherungsschutzes).<\/p>\n\n\n\n<p>11. Muss der Beitrag eines s\u00e4umigen Mitgliedes angemahnt werden (z. B. bei der Nichtanzeige einer Konto\u00e4nderung), so hat die Landesgesch\u00e4ftsstelle neben den entstandenen Mehrkosten nach Nr. 9 eine Mahngeb\u00fchr von 5 Euro zu erheben.<\/p>\n\n\n\n<p>12. Die Neufassung der Beitragsordnung tritt am 1. September 2024 in Kraft, die bisherige Beitragsordnung vom 6. November 2014 tritt mit Ablauf des 31. August 2024 au\u00dfer Kraft.<\/p>\n\n\n\n<p>Beschlossen durch den Hauptvorstand der DVG Sachsen-Anhalt am 29. August 2024.<\/p>\n\n\n<div class='w3eden'><!-- WPDM Link Template: Default Template -->\n\n\n<div class=\"link-template-default card mb-2\">\n    <div class=\"card-body\">\n        <div class=\"media\">\n            <div class=\"mr-3 img-48\"><img decoding=\"async\" class=\"wpdm_icon\" alt=\"Icon\" src=\"https:\/\/www.dvg-lsa.de\/wp-content\/plugins\/download-manager\/assets\/file-type-icons\/pdf.svg\" onError='this.src=\"https:\/\/www.dvg-lsa.de\/wp-content\/plugins\/download-manager\/assets\/file-type-icons\/unknown.svg\";' \/><\/div>\n            <div class=\"media-body\">\n                <h3 class=\"package-title\"><a href='https:\/\/www.dvg-lsa.de\/?wpdmpro=beitragsordnung'>Beitragsordnung<\/a><\/h3>\n                <div class=\"text-muted text-small\"><i class=\"fas fa-copy\"><\/i> 1 Datei(en) <i class=\"fas fa-hdd ml-3\"><\/i> 171.66 KB<\/div>\n            <\/div>\n            <div class=\"ml-3\">\n                <a class='wpdm-download-link btn btn-primary ' rel='nofollow' href='#' onclick=\"location.href='https:\/\/www.dvg-lsa.de\/?wpdmpro=beitragsordnung&wpdmdl=290&refresh=6a0070e30cf8e1778413795';return false;\">Download<\/a>\n            <\/div>\n        <\/div>\n    <\/div>\n<\/div>\n\n<\/div>\n","protected":false},"excerpt":{"rendered":"<p>Beitragsordnung der Deutschen Verwaltungs-Gewerkschaft Sachsen-Anhalt, Fachgewerkschaft f\u00fcr die Verwaltung im Land Sachsen-Anhalt e.V. (DVG LSA) vom 28. August 2024 G\u00fcltig ab 1. September 2024 1. Das Mitglied ist gem\u00e4\u00df der Satzung zur Zahlung eines Mitgliedsbeitrages verpflichtet. Zur Vereinfachung soll eine Einzugserm\u00e4chtigung (SEPA-Lastschriftmandat) durch das Mitglied erteilt werden. Der Beitrag ist grunds\u00e4tzlich monatlich zu zahlen. 2. &#8230; <a title=\"Beitragsordnung\" class=\"read-more\" href=\"https:\/\/www.dvg-lsa.de\/?wpdmpro=beitragsordnung\" aria-label=\"Mehr Informationen \u00fcber Beitragsordnung\">Weiterlesen<\/a><\/p>\n","protected":false},"author":1,"featured_media":0,"parent":94,"menu_order":0,"comment_status":"closed","ping_status":"closed","template":"","meta":{"footnotes":""},"class_list":["post-281","page","type-page","status-publish","hentry"],"_links":{"self":[{"href":"https:\/\/www.dvg-lsa.de\/index.php?rest_route=\/wp\/v2\/pages\/281","targetHints":{"allow":["GET"]}}],"collection":[{"href":"https:\/\/www.dvg-lsa.de\/index.php?rest_route=\/wp\/v2\/pages"}],"about":[{"href":"https:\/\/www.dvg-lsa.de\/index.php?rest_route=\/wp\/v2\/types\/page"}],"author":[{"embeddable":true,"href":"https:\/\/www.dvg-lsa.de\/index.php?rest_route=\/wp\/v2\/users\/1"}],"replies":[{"embeddable":true,"href":"https:\/\/www.dvg-lsa.de\/index.php?rest_route=%2Fwp%2Fv2%2Fcomments&post=281"}],"version-history":[{"count":14,"href":"https:\/\/www.dvg-lsa.de\/index.php?rest_route=\/wp\/v2\/pages\/281\/revisions"}],"predecessor-version":[{"id":1378,"href":"https:\/\/www.dvg-lsa.de\/index.php?rest_route=\/wp\/v2\/pages\/281\/revisions\/1378"}],"up":[{"embeddable":true,"href":"https:\/\/www.dvg-lsa.de\/index.php?rest_route=\/wp\/v2\/pages\/94"}],"wp:attachment":[{"href":"https:\/\/www.dvg-lsa.de\/index.php?rest_route=%2Fwp%2Fv2%2Fmedia&parent=281"}],"curies":[{"name":"wp","href":"https:\/\/api.w.org\/{rel}","templated":true}]}}