{"id":405,"date":"2019-11-29T21:31:04","date_gmt":"2019-11-29T21:31:04","guid":{"rendered":"https:\/\/cms.dvg-lsa.de\/?page_id=405"},"modified":"2019-11-29T21:31:05","modified_gmt":"2019-11-29T21:31:05","slug":"aufgaben-der-tarifkommission","status":"publish","type":"page","link":"https:\/\/www.dvg-lsa.de\/?page_id=405","title":{"rendered":"Aufgaben der Tarifkommission"},"content":{"rendered":"\n<p>Die Tarifkommission der DVG Sachsen-Anhalt beschlie\u00dft \u00fcber arbeits- und tarifrechtliche Fragen. <\/p>\n\n\n\n<p>Zu ihren Aufgaben geh\u00f6ren insbesondere:<\/p>\n\n\n\n<ul class=\"wp-block-list\"><li>Aufstellen von Forderungen zu den jeweiligen  Tarifverhandlungen<\/li><li>Vorbereitung, Durchf\u00fchrung und Beendigung von  Arbeitskampfma\u00dfnahmen.<\/li><li>Ansprechpartner unserer Mitglieder in allen  tariflichen Fragen<\/li><\/ul>\n\n\n\n<p>Die Tarifkommission wird dar\u00fcber hinaus auch zu politischen Entscheidungen Stellung nehmen, welche Auswirkungen auf die von uns  vertretenen  Arbeitnehmer haben.<\/p>\n","protected":false},"excerpt":{"rendered":"<p>Die Tarifkommission der DVG Sachsen-Anhalt beschlie\u00dft \u00fcber arbeits- und tarifrechtliche Fragen. Zu ihren Aufgaben geh\u00f6ren insbesondere: Aufstellen von Forderungen zu den jeweiligen Tarifverhandlungen Vorbereitung, Durchf\u00fchrung und Beendigung von Arbeitskampfma\u00dfnahmen. Ansprechpartner unserer Mitglieder in allen tariflichen Fragen Die Tarifkommission wird dar\u00fcber hinaus auch zu politischen Entscheidungen Stellung nehmen, welche Auswirkungen auf die von uns vertretenen Arbeitnehmer &#8230; <a title=\"Aufgaben der Tarifkommission\" class=\"read-more\" href=\"https:\/\/www.dvg-lsa.de\/?page_id=405\" aria-label=\"Mehr Informationen \u00fcber Aufgaben der Tarifkommission\">Weiterlesen<\/a><\/p>\n","protected":false},"author":1,"featured_media":0,"parent":199,"menu_order":0,"comment_status":"closed","ping_status":"closed","template":"","meta":{"footnotes":""},"class_list":["post-405","page","type-page","status-publish"],"_links":{"self":[{"href":"https:\/\/www.dvg-lsa.de\/index.php?rest_route=\/wp\/v2\/pages\/405","targetHints":{"allow":["GET"]}}],"collection":[{"href":"https:\/\/www.dvg-lsa.de\/index.php?rest_route=\/wp\/v2\/pages"}],"about":[{"href":"https:\/\/www.dvg-lsa.de\/index.php?rest_route=\/wp\/v2\/types\/page"}],"author":[{"embeddable":true,"href":"https:\/\/www.dvg-lsa.de\/index.php?rest_route=\/wp\/v2\/users\/1"}],"replies":[{"embeddable":true,"href":"https:\/\/www.dvg-lsa.de\/index.php?rest_route=%2Fwp%2Fv2%2Fcomments&post=405"}],"version-history":[{"count":1,"href":"https:\/\/www.dvg-lsa.de\/index.php?rest_route=\/wp\/v2\/pages\/405\/revisions"}],"predecessor-version":[{"id":406,"href":"https:\/\/www.dvg-lsa.de\/index.php?rest_route=\/wp\/v2\/pages\/405\/revisions\/406"}],"up":[{"embeddable":true,"href":"https:\/\/www.dvg-lsa.de\/index.php?rest_route=\/wp\/v2\/pages\/199"}],"wp:attachment":[{"href":"https:\/\/www.dvg-lsa.de\/index.php?rest_route=%2Fwp%2Fv2%2Fmedia&parent=405"}],"curies":[{"name":"wp","href":"https:\/\/api.w.org\/{rel}","templated":true}]}}