{"id":424,"date":"2019-11-29T21:46:44","date_gmt":"2019-11-29T21:46:44","guid":{"rendered":"https:\/\/cms.dvg-lsa.de\/?page_id=424"},"modified":"2019-11-29T21:46:45","modified_gmt":"2019-11-29T21:46:45","slug":"mitbestimmung","status":"publish","type":"page","link":"https:\/\/www.dvg-lsa.de\/?page_id=424","title":{"rendered":"Mitbestimmung"},"content":{"rendered":"\n<p><strong>Herzlich willkommen  bei der Deutschen Verwaltungs-Gewerkschaft Sachsen-Anhalt! <\/strong><\/p>\n\n\n\n<p>Die Vertretung der  Interessen der Besch\u00e4ftigten ist in den vergangenen Jahren nicht einfacher  geworden. Aber \u2013 gerade auch deshalb  \u2013 immer wichtiger. Die DVG Sachsen-Anhalt unterst\u00fctzt und st\u00e4rkt die Arbeit der Personalr\u00e4te.<\/p>\n\n\n\n<p>Die DVG Sachsen-Anhalt ist in vielen Personalr\u00e4ten in den Beh\u00f6rden des Landes  Sachsen-Anhalt vertreten.<\/p>\n\n\n\n<p>Wir wollen Ihnen hier in Zukunft die Personalr\u00e4te vorstellen, in denen die DVG Sachsen-Anhalt vertreten ist.<\/p>\n","protected":false},"excerpt":{"rendered":"<p>Herzlich willkommen bei der Deutschen Verwaltungs-Gewerkschaft Sachsen-Anhalt! Die Vertretung der Interessen der Besch\u00e4ftigten ist in den vergangenen Jahren nicht einfacher geworden. Aber \u2013 gerade auch deshalb \u2013 immer wichtiger. Die DVG Sachsen-Anhalt unterst\u00fctzt und st\u00e4rkt die Arbeit der Personalr\u00e4te. Die DVG Sachsen-Anhalt ist in vielen Personalr\u00e4ten in den Beh\u00f6rden des Landes Sachsen-Anhalt vertreten. Wir wollen &#8230; <a title=\"Mitbestimmung\" class=\"read-more\" href=\"https:\/\/www.dvg-lsa.de\/?page_id=424\" aria-label=\"Mehr Informationen \u00fcber Mitbestimmung\">Weiterlesen<\/a><\/p>\n","protected":false},"author":1,"featured_media":0,"parent":420,"menu_order":0,"comment_status":"closed","ping_status":"closed","template":"","meta":{"footnotes":""},"class_list":["post-424","page","type-page","status-publish"],"_links":{"self":[{"href":"https:\/\/www.dvg-lsa.de\/index.php?rest_route=\/wp\/v2\/pages\/424","targetHints":{"allow":["GET"]}}],"collection":[{"href":"https:\/\/www.dvg-lsa.de\/index.php?rest_route=\/wp\/v2\/pages"}],"about":[{"href":"https:\/\/www.dvg-lsa.de\/index.php?rest_route=\/wp\/v2\/types\/page"}],"author":[{"embeddable":true,"href":"https:\/\/www.dvg-lsa.de\/index.php?rest_route=\/wp\/v2\/users\/1"}],"replies":[{"embeddable":true,"href":"https:\/\/www.dvg-lsa.de\/index.php?rest_route=%2Fwp%2Fv2%2Fcomments&post=424"}],"version-history":[{"count":1,"href":"https:\/\/www.dvg-lsa.de\/index.php?rest_route=\/wp\/v2\/pages\/424\/revisions"}],"predecessor-version":[{"id":425,"href":"https:\/\/www.dvg-lsa.de\/index.php?rest_route=\/wp\/v2\/pages\/424\/revisions\/425"}],"up":[{"embeddable":true,"href":"https:\/\/www.dvg-lsa.de\/index.php?rest_route=\/wp\/v2\/pages\/420"}],"wp:attachment":[{"href":"https:\/\/www.dvg-lsa.de\/index.php?rest_route=%2Fwp%2Fv2%2Fmedia&parent=424"}],"curies":[{"name":"wp","href":"https:\/\/api.w.org\/{rel}","templated":true}]}}