{"id":490,"date":"2019-12-06T21:04:20","date_gmt":"2019-12-06T21:04:20","guid":{"rendered":"https:\/\/cms.dvg-lsa.de\/?page_id=490"},"modified":"2020-02-11T23:51:16","modified_gmt":"2020-02-11T23:51:16","slug":"kontakt","status":"publish","type":"page","link":"https:\/\/www.dvg-lsa.de\/?page_id=490","title":{"rendered":"Kontakt"},"content":{"rendered":"\n<p>Wir freuen uns \u00fcber Ihr Interesse an der DVG Sachsen-Anhalt.<\/p>\n\n\n\n<p>So erreichen Sie uns:<\/p>\n\n\n\n<p>Per Briefpost:<\/p>\n\n\n\n<pre class=\"wp-block-preformatted\">Deutsche Verwaltungs-Gewerkschaft Sachsen-Anhalt                              <br>Landesgesch\u00e4ftsstelle                                                   <br>H\u00e4ndelstra\u00dfe 38<br>06114 Halle\/S.<\/pre>\n\n\n\n<p>Per Telefon:                                                                     <\/p>\n\n\n\n<pre class=\"wp-block-preformatted\">0345\/5754680<\/pre>\n\n\n\n<p>Per Telefax:                                                                       <\/p>\n\n\n\n<pre class=\"wp-block-preformatted\">0345\/5754681 <\/pre>\n\n\n\n<p>Per E-Mail: <\/p>\n\n\n\n<pre class=\"wp-block-preformatted\"><a href=\"mailto:info@dvg-lsa.de\">info@dvg-lsa.de<\/a><\/pre>\n\n\n\n<p>Wir stehen Ihnen am Montag und Mittwoch jeweils von 09:00 Uhr bis  13:00 Uhr in der Landesgesch\u00e4ftsstelle gern pers\u00f6nlich oder telefonisch  zur Verf\u00fcgung.<\/p>\n\n\n\n<p>Die Mitglieder des Vorstandes im Sinne von \u00a7 26 BGB erreichen Sie:<\/p>\n\n\n\n\t<!-- wpshopmart team builder wrapper -->\r\n\t<div class=\"wpsm_team_1_b_row\" id=\"wpsm_team_1_b_row_492\">\r\n\t\t<div class=\"wpsm_row\">  \r\n\t\t\t<style>\r\n\t\t\t#wpsm_team_1_b_row_492 .wpsm_team_1_member_wrapper_inner h3{\r\n\t\t\t\tcolor:#000000 !important;\r\n\t\t\t\tfont-size:18px !important;\r\n\t\t\t\t\t\t\t\t  font-family:'Open Sans';\r\n\t\t\t\t\t\t\t\t\r\n\t\t\t}\r\n\t\t\t#wpsm_team_1_b_row_492 .wpsm_team_1_name_divider{\r\n\t\t\t\tbackground-color:#000000 !important;\r\n\t\t\t}\r\n\t\t\t#wpsm_team_1_b_row_492 .wpsm_team_1_b_desig{\r\n\t\t\t\tcolor:#000000 !important;\r\n\t\t\t\tfont-size:14px !important;\r\n\t\t\t\t\t\t\t\t   font-family:'Open Sans';\r\n\t\t\t\t\t\t\t}\r\n\t\t\t#wpsm_team_1_b_row_492 .wpsm_team_1_b_desc{\r\n\t\t\t\tcolor:#000000 !important;\r\n\t\t\t\tfont-size:14px !important;\r\n\t\t\t\t\t\t\t\t   font-family:'Open Sans';\r\n\t\t\t\t\t\t\t}\r\n\t\t\t#wpsm_team_1_b_row_492  p{\r\n\t\t\t\tcolor:#000000 !important;\r\n\t\t\t\tfont-size:14px !important;\r\n\t\t\t    \t\t\t\t   font-family:'Open Sans';\r\n\t\t\t\t\t\t\t\t\r\n\t\t\t}\r\n\t\t\t\r\n\t\t\t#wpsm_team_1_b_row_492 .wpsm_team_1_social_div a i{\r\n\t\t\t\tcolor:#4f4f4f !important;\r\n\t\t\t\tbackground:#e5e5e5 !important;\r\n\t\t\t}\r\n\t\t\t\t\t\t\r\n\t\t\t<\/style>\r\n\t\t\t\t\t\t \r\n\t\t\t\t\t<div class=\"wpsm_col-md-6 wpsm_col-sm-6 wpsm-col-div wpsm_single_team\">\r\n\t\t\t\t\t\t<div class=\"wpsm_team_1_member_wrapper\">\r\n\t\t\t\t\t\t\t<img decoding=\"async\" class=\"img-responsive wpsm_team_1_mem_img\" src=\"https:\/\/www.dvg-lsa.de\/wp-content\/uploads\/2019\/03\/landesleitung_stock_ulrich-1.jpg\" alt=\"Ulrich Stock\">\r\n\t\t\t\t\t\t\t<div class=\"wpsm_team_1_member_wrapper_inner\">\r\n\t\t\t\t\t\t\t\t<h3>\r\n\t\t\t\t\t\t\t\t\tUlrich Stock\t\t\t\t\t\t\t\t\t<div class=\"wpsm_team_1_name_divider\"><\/div>\r\n\t\t\t\t\t\t\t\t<\/h3>\r\n\t\t\t\t\t\t\t\t<span class=\"wpsm_team_1_b_desig\"> Landesvorsitzender <\/span> \t\t\t\t\t\t\t\t<p class=\"wpsm_team_1_b_desc\"> Telefon<br \/>\r\n0345\/514-1566<br \/><br \/>\r\nE-Mail<br \/>\r\n<a href=\"mailto:ulrich.stock@dvg-lsa.de\">ulrich.stock@dvg-lsa.de<\/a> <\/p> \t\t\t\t\t\t\t\t<div class=\"wpsm_team_1_social_div\">\r\n\t\t\t\t\t\t\t\t\t\t\t\t\t\t\t\t\t\t\t\t\t\t\t\t\t\t\t\t\t\t\t\t\t\t\t\t\t\t\t\t\t\t\t\t<\/div>\r\n\t\t\t\t\t\t\t<\/div>\r\n\t\t\t\t\t\t<\/div>\r\n\t\t\t\t\t<\/div>\r\n\t\t\t\t\t\t\t\t\t\t\t\t\t \r\n\t\t\t\t\t<div class=\"wpsm_col-md-6 wpsm_col-sm-6 wpsm-col-div wpsm_single_team\">\r\n\t\t\t\t\t\t<div class=\"wpsm_team_1_member_wrapper\">\r\n\t\t\t\t\t\t\t<img decoding=\"async\" class=\"img-responsive wpsm_team_1_mem_img\" src=\"https:\/\/www.dvg-lsa.de\/wp-content\/uploads\/2019\/03\/landesleitung_loewe_thomas-1.jpg\" alt=\"Thomas L\u00f6we\">\r\n\t\t\t\t\t\t\t<div class=\"wpsm_team_1_member_wrapper_inner\">\r\n\t\t\t\t\t\t\t\t<h3>\r\n\t\t\t\t\t\t\t\t\tThomas L\u00f6we\t\t\t\t\t\t\t\t\t<div class=\"wpsm_team_1_name_divider\"><\/div>\r\n\t\t\t\t\t\t\t\t<\/h3>\r\n\t\t\t\t\t\t\t\t<span class=\"wpsm_team_1_b_desig\"> 1. stellv. Landesvorsitzender <\/span> \t\t\t\t\t\t\t\t<p class=\"wpsm_team_1_b_desc\"> Telefon<br \/>\r\n0391\/7270294<br \/><br \/>\r\nE-Mail<br \/>\r\n<a href=\"mailto:thomas.loewe@dvg-lsa.de\">thomas.loewe@dvg-lsa.de<\/a> <\/p> \t\t\t\t\t\t\t\t<div class=\"wpsm_team_1_social_div\">\r\n\t\t\t\t\t\t\t\t\t\t\t\t\t\t\t\t\t\t\t\t\t\t\t\t\t\t\t\t\t\t\t\t\t\t\t\t\t\t\t\t\t\t\t\t<\/div>\r\n\t\t\t\t\t\t\t<\/div>\r\n\t\t\t\t\t\t<\/div>\r\n\t\t\t\t\t<\/div>\r\n\t\t\t\t\t\t\t\t\t\t\t<\/div>\r\n\t\t\t\t\t\t<div class=\"wpsm_row\">\r\n\t\t\t\t\t\t\t\t\t\t\t\t\t\t \r\n\t\t\t\t\t<div class=\"wpsm_col-md-6 wpsm_col-sm-6 wpsm-col-div wpsm_single_team\">\r\n\t\t\t\t\t\t<div class=\"wpsm_team_1_member_wrapper\">\r\n\t\t\t\t\t\t\t<img decoding=\"async\" class=\"img-responsive wpsm_team_1_mem_img\" src=\"https:\/\/www.dvg-lsa.de\/wp-content\/uploads\/2020\/02\/Engel_2020-01-23-scaled.jpg\" alt=\"Dr. Albert Engel\">\r\n\t\t\t\t\t\t\t<div class=\"wpsm_team_1_member_wrapper_inner\">\r\n\t\t\t\t\t\t\t\t<h3>\r\n\t\t\t\t\t\t\t\t\tDr. Albert Engel\t\t\t\t\t\t\t\t\t<div class=\"wpsm_team_1_name_divider\"><\/div>\r\n\t\t\t\t\t\t\t\t<\/h3>\r\n\t\t\t\t\t\t\t\t<span class=\"wpsm_team_1_b_desig\"> weiterer stellv. Landesvorsitzender <\/span> \t\t\t\t\t\t\t\t<p class=\"wpsm_team_1_b_desc\"> Telefon<br \/>\r\n0345\/514-2202<br \/><br \/>\r\nE-Mail<br \/>\r\n<a href=\"mailto:albert.engel@dvg-lsa.de\">albert.engel@dvg-lsa.de<\/a> <\/p> \t\t\t\t\t\t\t\t<div class=\"wpsm_team_1_social_div\">\r\n\t\t\t\t\t\t\t\t\t\t\t\t\t\t\t\t\t\t\t\t\t\t\t\t\t\t\t\t\t\t\t\t\t\t\t\t\t\t\t\t\t\t\t\t<\/div>\r\n\t\t\t\t\t\t\t<\/div>\r\n\t\t\t\t\t\t<\/div>\r\n\t\t\t\t\t<\/div>\r\n\t\t\t\t\t\t\t\t\t\t\t\t\r\n\t\t<\/div>\r\n\t<\/div>\n","protected":false},"excerpt":{"rendered":"<p>Wir freuen uns \u00fcber Ihr Interesse an der DVG Sachsen-Anhalt. So erreichen Sie uns: Per Briefpost: Deutsche Verwaltungs-Gewerkschaft Sachsen-Anhalt Landesgesch\u00e4ftsstelle H\u00e4ndelstra\u00dfe 3806114 Halle\/S. Per Telefon: 0345\/5754680 Per Telefax: 0345\/5754681 Per E-Mail: info@dvg-lsa.de Wir stehen Ihnen am Montag und Mittwoch jeweils von 09:00 Uhr bis 13:00 Uhr in der Landesgesch\u00e4ftsstelle gern pers\u00f6nlich oder telefonisch zur Verf\u00fcgung. &#8230; <a title=\"Kontaktliste\" class=\"read-more\" href=\"https:\/\/www.dvg-lsa.de\/?p=492\" aria-label=\"Mehr Informationen \u00fcber Kontaktliste\">Weiterlesen<\/a><\/p>\n","protected":false},"author":1,"featured_media":0,"parent":0,"menu_order":0,"comment_status":"closed","ping_status":"closed","template":"","meta":{"footnotes":""},"class_list":["post-490","page","type-page","status-publish","hentry"],"_links":{"self":[{"href":"https:\/\/www.dvg-lsa.de\/index.php?rest_route=\/wp\/v2\/pages\/490","targetHints":{"allow":["GET"]}}],"collection":[{"href":"https:\/\/www.dvg-lsa.de\/index.php?rest_route=\/wp\/v2\/pages"}],"about":[{"href":"https:\/\/www.dvg-lsa.de\/index.php?rest_route=\/wp\/v2\/types\/page"}],"author":[{"embeddable":true,"href":"https:\/\/www.dvg-lsa.de\/index.php?rest_route=\/wp\/v2\/users\/1"}],"replies":[{"embeddable":true,"href":"https:\/\/www.dvg-lsa.de\/index.php?rest_route=%2Fwp%2Fv2%2Fcomments&post=490"}],"version-history":[{"count":4,"href":"https:\/\/www.dvg-lsa.de\/index.php?rest_route=\/wp\/v2\/pages\/490\/revisions"}],"predecessor-version":[{"id":726,"href":"https:\/\/www.dvg-lsa.de\/index.php?rest_route=\/wp\/v2\/pages\/490\/revisions\/726"}],"wp:attachment":[{"href":"https:\/\/www.dvg-lsa.de\/index.php?rest_route=%2Fwp%2Fv2%2Fmedia&parent=490"}],"curies":[{"name":"wp","href":"https:\/\/api.w.org\/{rel}","templated":true}]}}