{"id":94,"date":"2019-03-31T20:24:03","date_gmt":"2019-03-31T20:24:03","guid":{"rendered":"https:\/\/cms.dvg-lsa.de\/?page_id=94"},"modified":"2019-05-22T19:12:24","modified_gmt":"2019-05-22T19:12:24","slug":"ueber-uns","status":"publish","type":"page","link":"https:\/\/www.dvg-lsa.de\/?page_id=94","title":{"rendered":"DVG Sachsen-Anhalt"},"content":{"rendered":"\n<p>Wir begr\u00fc\u00dfen Sie herzlich auf den Internetseiten der Deutschen  Verwaltungs-Gewerkschaft Sachsen-Anhalt (DVG Sachsen-Anhalt), der  kompetenten gewerkschaftlichen Interessenvertretung der Bediensteten in  den Verwaltungen des Landes Sachsen-Anhalt.<br>     <br>Eine engagierte Gewerkschaftsvertretung ist heute unter den  zunehmend schwierigen Bedingungen im Berufsleben unverzichtbar. Auch im  \u00f6ffentlichen Dienst hat man, auf sich allein gestellt, wenig Chancen,  seine Rechte und Interessen durchzusetzen.<br>Gerade hier brauchen wir eine Fachgewerkschaft, die wei\u00df wovon sie redet.<\/p>\n\n\n\n<p>Die Deutsche Verwaltungs-Gewerkschaft f\u00fcr Beamte und \nTarifbesch\u00e4ftigte ist die einzige Fachgewerkschaft f\u00fcr die allgemeine \nund innere Verwaltung in den L\u00e4ndern. In der DVG Sachsen-Anhalt haben \nsich Besch\u00e4ftigte im Land Sachsen-Anhalt zusammengeschlossen, um \ngemeinsame  Ziele gegen\u00fcber Politik und Arbeitgebern zu vertreten.<\/p>\n\n\n\n<p>Dabei setzen wir uns gleicherma\u00dfen f\u00fcr  Arbeitnehmer und Beamte  ein. Dies ist nach unserer \u00dcberzeugung die einzig sinnvolle Basis, die  Besch\u00e4ftigten des \u00f6ffentlichen Dienstes wirksam zu vertreten.<\/p>\n\n\n\n<p>Unser Motto lautet: \u201eSoviel Ehrenamtlichkeit wie m\u00f6glich und soviel\n Hauptamtlichkeit wie n\u00f6tig\u201c. Dadurch gew\u00e4hrleisten wir eine \npraxisbezogene Arbeit und Betreuung der Mitglieder. Diese Aufgaben \nerledigen Praktiker in unseren Fachgremien auf Landesebene sowie in \nunseren Bezirksverb\u00e4nden. Dabei arbeiten wir eng mit dem einzigen \ngewerkschaftlichen Spitzenverband f\u00fcr den \u00f6ffentlichen Dienst, dem dbb \nbeamtenbund und tarifunion, zusammen. Hinter uns stehen \u00fcber 1,2 \nMillionen Mitglieder. <\/p>\n","protected":false},"excerpt":{"rendered":"<p>Wir begr\u00fc\u00dfen Sie herzlich auf den Internetseiten der Deutschen Verwaltungs-Gewerkschaft Sachsen-Anhalt (DVG Sachsen-Anhalt), der kompetenten gewerkschaftlichen Interessenvertretung der Bediensteten in den Verwaltungen des Landes Sachsen-Anhalt. Eine engagierte Gewerkschaftsvertretung ist heute unter den zunehmend schwierigen Bedingungen im Berufsleben unverzichtbar. Auch im \u00f6ffentlichen Dienst hat man, auf sich allein gestellt, wenig Chancen, seine Rechte und Interessen durchzusetzen.Gerade &#8230; <a title=\"DVG Sachsen-Anhalt\" class=\"read-more\" href=\"https:\/\/www.dvg-lsa.de\/?page_id=94\" aria-label=\"Mehr Informationen \u00fcber DVG Sachsen-Anhalt\">Weiterlesen<\/a><\/p>\n","protected":false},"author":1,"featured_media":0,"parent":0,"menu_order":0,"comment_status":"closed","ping_status":"closed","template":"","meta":{"footnotes":""},"class_list":["post-94","page","type-page","status-publish"],"_links":{"self":[{"href":"https:\/\/www.dvg-lsa.de\/index.php?rest_route=\/wp\/v2\/pages\/94","targetHints":{"allow":["GET"]}}],"collection":[{"href":"https:\/\/www.dvg-lsa.de\/index.php?rest_route=\/wp\/v2\/pages"}],"about":[{"href":"https:\/\/www.dvg-lsa.de\/index.php?rest_route=\/wp\/v2\/types\/page"}],"author":[{"embeddable":true,"href":"https:\/\/www.dvg-lsa.de\/index.php?rest_route=\/wp\/v2\/users\/1"}],"replies":[{"embeddable":true,"href":"https:\/\/www.dvg-lsa.de\/index.php?rest_route=%2Fwp%2Fv2%2Fcomments&post=94"}],"version-history":[{"count":2,"href":"https:\/\/www.dvg-lsa.de\/index.php?rest_route=\/wp\/v2\/pages\/94\/revisions"}],"predecessor-version":[{"id":187,"href":"https:\/\/www.dvg-lsa.de\/index.php?rest_route=\/wp\/v2\/pages\/94\/revisions\/187"}],"wp:attachment":[{"href":"https:\/\/www.dvg-lsa.de\/index.php?rest_route=%2Fwp%2Fv2%2Fmedia&parent=94"}],"curies":[{"name":"wp","href":"https:\/\/api.w.org\/{rel}","templated":true}]}}